{"id":2439,"date":"2024-07-22T08:31:20","date_gmt":"2024-07-22T08:31:20","guid":{"rendered":"https:\/\/vichsec.org\/?page_id=2439"},"modified":"2025-01-14T08:34:28","modified_gmt":"2025-01-14T08:34:28","slug":"home","status":"publish","type":"page","link":"https:\/\/vichsec.org\/es\/","title":{"rendered":"Inicio"},"content":{"rendered":"\n<div class=\"wp-block-group p-0 is-layout-constrained wp-block-group-is-layout-constrained\">\n<div class=\"wp-block-group container p-0 is-layout-constrained wp-block-group-is-layout-constrained\">\n<div class=\"wp-block-group has-mint-transparent-background-color has-background is-layout-constrained wp-block-group-is-layout-constrained\">\n<h1 class=\"wp-block-heading\">\u00bfQu\u00e9 es VICH?<\/h1>\n\n\n\n<p>Breve definici\u00f3n<br>VICH es un programa trilateral (UE-Jap\u00f3n-EE. UU.) destinado a armonizar los requisitos t\u00e9cnicos para el registro de productos veterinarios. Su t\u00edtulo completo es la Cooperaci\u00f3n Internacional para la Armonizaci\u00f3n de los Requisitos T\u00e9cnicos para el Registro de Medicamentos Veterinarios. VICH se lanz\u00f3 oficialmente en abril de 1996. Tiene cinco objetivos principales.<br>Read more   <\/p>\n\n\n\n<div class=\"wp-block-buttons is-layout-flex wp-block-buttons-is-layout-flex\">\n<div class=\"wp-block-button\"><a class=\"wp-block-button__link wp-element-button\" href=\"\/es\/acerca-de\/que-es-vich\/\">Leer m\u00e1s<\/a><\/div>\n<\/div>\n<\/div>\n\n\n\n<div class=\"wp-block-columns is-layout-flex wp-container-core-columns-is-layout-28f84493 wp-block-columns-is-layout-flex\">\n<div class=\"wp-block-column has-white-transparent-background-color has-background is-layout-flow wp-block-column-is-layout-flow\">\n<h2 class=\"wp-block-heading\">\u00daltimos recursos y eventos<\/h2>\n\n\n\n<div class=\"wp-block-columns are-vertically-aligned-center is-layout-flex wp-container-core-columns-is-layout-28f84493 wp-block-columns-is-layout-flex\">\n<div class=\"wp-block-column is-vertically-aligned-center is-layout-flow wp-block-column-is-layout-flow\" style=\"flex-basis:66.66%\">\n<p><strong>17\u00aa reuni\u00f3n del Foro VICH<\/strong><br>11 y 12 de noviembre de 2024 en las Oficinas de la EMA (\u00c1msterdam, Pa\u00edses Bajos)<\/p>\n<\/div>\n\n\n\n<div class=\"wp-block-column is-vertically-aligned-center is-layout-flow wp-block-column-is-layout-flow\" style=\"flex-basis:33.33%\">\n<div class=\"wp-block-buttons is-layout-flex wp-block-buttons-is-layout-flex\">\n<div class=\"wp-block-button\"><a class=\"wp-block-button__link wp-element-button\" href=\"https:\/\/vichsec.org\/es\/actividades\/#vich-outreach-forum\">Leer m\u00e1s<\/a><\/div>\n<\/div>\n<\/div>\n<\/div>\n\n\n\n<div class=\"wp-block-columns are-vertically-aligned-center is-layout-flex wp-container-core-columns-is-layout-28f84493 wp-block-columns-is-layout-flex\">\n<div class=\"wp-block-column is-vertically-aligned-center is-layout-flow wp-block-column-is-layout-flow\" style=\"flex-basis:66.66%\">\n<p><strong>Pr\u00f3ximas reuniones del Comit\u00e9 Directivo<br><\/strong>43\u00aa reuni\u00f3n del Comit\u00e9 Directivo (y 7\u00aa Conferencia P\u00fablica de la VICH): 10-15 de noviembre de 2024 en las Oficinas de la EMA (\u00c1msterdam, Pa\u00edses Bajos)<\/p>\n<\/div>\n\n\n\n<div class=\"wp-block-column is-vertically-aligned-center is-layout-flow wp-block-column-is-layout-flow\" style=\"flex-basis:33.33%\">\n<div class=\"wp-block-buttons is-layout-flex wp-block-buttons-is-layout-flex\">\n<div class=\"wp-block-button\"><a class=\"wp-block-button__link wp-element-button\" href=\"https:\/\/vichsec.org\/es\/actividades\/\">Leer m\u00e1s<\/a><\/div>\n<\/div>\n<\/div>\n<\/div>\n<\/div>\n\n\n\n<div class=\"wp-block-column has-orange-transparent-background-color has-background is-layout-flow wp-block-column-is-layout-flow\">\n<h2 class=\"wp-block-heading has-white-color has-text-color has-link-color wp-elements-ec82713f4c3a76e0f2faaa3360e1006c\">Destacados<\/h2>\n\n\n\n<figure class=\"wp-block-image size-large is-resized\"><img loading=\"lazy\" decoding=\"async\" width=\"1024\" height=\"1024\" src=\"https:\/\/vichsec.org\/wp-content\/uploads\/2024\/10\/VICH-7-social-visual-1024x1024.png\" alt=\"\" class=\"wp-image-2668\" style=\"width:330px;height:auto\" srcset=\"https:\/\/vichsec.org\/wp-content\/uploads\/2024\/10\/VICH-7-social-visual-1024x1024.png 1024w, https:\/\/vichsec.org\/wp-content\/uploads\/2024\/10\/VICH-7-social-visual-300x300.png 300w, https:\/\/vichsec.org\/wp-content\/uploads\/2024\/10\/VICH-7-social-visual-150x150.png 150w, https:\/\/vichsec.org\/wp-content\/uploads\/2024\/10\/VICH-7-social-visual-768x768.png 768w, https:\/\/vichsec.org\/wp-content\/uploads\/2024\/10\/VICH-7-social-visual.png 1200w\" sizes=\"auto, (max-width: 1024px) 100vw, 1024px\" \/><\/figure>\n\n\n\n<p class=\"has-white-color has-text-color has-link-color wp-elements-6349aa4f311b2ddd8c7d12782436fb16\">7\u00aa CONFERENCIA P\u00daBLICA DE LA VICH<br>Noviembre de 2024 en las Oficinas de la EMA (\u00c1msterdam, Pa\u00edses Bajos)<\/p>\n\n\n\n<div class=\"wp-block-buttons is-layout-flex wp-block-buttons-is-layout-flex\">\n<div class=\"wp-block-button\"><a class=\"wp-block-button__link wp-element-button\" href=\"https:\/\/vichsec.org\/es\/actividades\/#public-conference\">Leer m\u00e1s<\/a><\/div>\n<\/div>\n\n\n\n<h5 class=\"wp-block-heading has-white-color has-text-color has-link-color wp-elements-66a1baaa0b3f4b249e16d3933ad6a959\">LA INSCRIPCI\u00d3N EST\u00c1 CERRADA<\/h5>\n<\/div>\n<\/div>\n<\/div>\n<\/div>\n","protected":false},"excerpt":{"rendered":"<p>\u00bfQu\u00e9 es VICH? Breve definici\u00f3nVICH es un programa trilateral (UE-Jap\u00f3n-EE. UU.) destinado a armonizar los requisitos t\u00e9cnicos para el registro de productos veterinarios. Su t\u00edtulo completo es la Cooperaci\u00f3n Internacional para la Armonizaci\u00f3n de los Requisitos T\u00e9cnicos para el Registro de Medicamentos Veterinarios. VICH se lanz\u00f3 oficialmente en abril de 1996. Tiene cinco objetivos principales.Read [&hellip;]<\/p>\n","protected":false},"author":1,"featured_media":0,"parent":0,"menu_order":1,"comment_status":"closed","ping_status":"closed","template":"templates\/10_homepage.php","meta":{"footnotes":""},"class_list":["post-2439","page","type-page","status-publish","hentry"],"_links":{"self":[{"href":"https:\/\/vichsec.org\/es\/wp-json\/wp\/v2\/pages\/2439","targetHints":{"allow":["GET"]}}],"collection":[{"href":"https:\/\/vichsec.org\/es\/wp-json\/wp\/v2\/pages"}],"about":[{"href":"https:\/\/vichsec.org\/es\/wp-json\/wp\/v2\/types\/page"}],"author":[{"embeddable":true,"href":"https:\/\/vichsec.org\/es\/wp-json\/wp\/v2\/users\/1"}],"replies":[{"embeddable":true,"href":"https:\/\/vichsec.org\/es\/wp-json\/wp\/v2\/comments?post=2439"}],"version-history":[{"count":4,"href":"https:\/\/vichsec.org\/es\/wp-json\/wp\/v2\/pages\/2439\/revisions"}],"predecessor-version":[{"id":6915,"href":"https:\/\/vichsec.org\/es\/wp-json\/wp\/v2\/pages\/2439\/revisions\/6915"}],"wp:attachment":[{"href":"https:\/\/vichsec.org\/es\/wp-json\/wp\/v2\/media?parent=2439"}],"curies":[{"name":"wp","href":"https:\/\/api.w.org\/{rel}","templated":true}]}}