{"id":2555,"date":"2024-10-17T08:56:43","date_gmt":"2024-10-17T08:56:43","guid":{"rendered":"https:\/\/vichsec.org\/formacion\/material-de-formacion-general\/"},"modified":"2024-10-21T13:02:31","modified_gmt":"2024-10-21T13:02:31","slug":"material-de-formacion-general","status":"publish","type":"page","link":"https:\/\/vichsec.org\/es\/formacion\/material-de-formacion-general\/","title":{"rendered":"Material de formaci\u00f3n general"},"content":{"rendered":" <div class=\"wp-block-group is-layout-constrained wp-block-group-is-layout-constrained\">  <div class=\"wp-block-group container has-mint-transparent-background-color has-background is-layout-constrained wp-block-group-is-layout-constrained\"> \r\n\t\t  <ul class=\"wp-block-list\">\r\n <li><span><em><strong>REVISADO<\/strong> <\/em><\/span>Presentaci\u00f3n PowerPoint: <span><a href=\"\/wp-content\/uploads\/2024\/10\/VICH general principles update 27June2016.pptx\">Principios generales de VICH<\/a><\/span> y actualizaci\u00f3n de la actividad actual del foro de divulgaci\u00f3n de VICH (27 de junio de 2016)<\/li> \r\n <li><span><span><em><strong>REVISADO<\/strong> <\/em><\/span><span><span><a href=\"\/wp-content\/uploads\/2024\/10\/10008-Rev 2-fin .pdf\">VICH\/10\/008 &#8211; Revisi\u00f3n 2 &#8211; 20 de septiembre de 2016<\/a><\/span><\/span><\/span> &#8211; VICH y su papel en la provisi\u00f3n aportaci\u00f3n de requerimientos de datos armonizados para apoyar la autorizaci\u00f3n de medicamentos veterinarios.<\/li> \r\n <li>Conferencia y Taller Mundial sobre Salud Animal en Buenas Pr\u00e1cticas Regulatorias, Nueva Delhi, India, noviembre de 2016 &#8211; <a href=\"\/wp-content\/uploads\/2024\/10\/95-5th-global-animal-health-conference.html#content-section\">Informes de conferencias y talleres y todas las presentaciones.<\/a><\/li> \r\n<\/ul> \r\n <p>\u00a0<\/p> \r\n <p><span><em><strong>Taller VICH &#8211; Informaci\u00f3n General (Tanzania, 24 de junio de 2015)<\/strong><\/em><\/span><br \/><span><a href=\"\/wp-content\/uploads\/2024\/10\/1. Introduction to VICH - Clayton.pptx\">1 &#8211; Introducci\u00f3n a VICH<\/a><br \/><a href=\"\/wp-content\/uploads\/2024\/10\/2. Role of VICH guidelines - Mackay.pptx\">2 &#8211; Papel de VICH y las directrices VICH en el proceso de aprobaci\u00f3n de los medicamentos veterinarios.<\/a><br \/><\/span><a href=\"\/wp-content\/uploads\/2024\/10\/3. Introduction to VOF - Vaughn.pptx\">3 &#8211; Introducci\u00f3n al foro de divulgaci\u00f3n de VICH <\/a><br \/><a href=\"\/wp-content\/uploads\/2024\/10\/4. How to get involved in VICH - Bryce.pptx\">4 &#8211; \u00bfC\u00f3mo involucrarse en VICH?<\/a><br \/><a href=\"\/wp-content\/uploads\/2024\/10\/5. How to get more info on VICH -Walters.pptx\">5 &#8211; \u00bfC\u00f3mo conseguir m\u00e1s informaci\u00f3n sobre VICH?<\/a>?<br \/><a href=\"https:\/\/www.vichsec.org\/es\/component\/attachments\/attachments\/1121.html?task=attachment\">MISSING FILE: 6 &#8211; VICH &#8211; desarrollo de los sistemas de farmacogivilancia [https:\/\/www.vichsec.org\/es\/component\/attachments\/attachments\/1121.html?task=attachment]<\/a><\/p> \t \t \t  <\/div>  <\/div> ","protected":false},"excerpt":{"rendered":"<p>\u00a0 Taller VICH &#8211; Informaci\u00f3n General (Tanzania, 24 de junio de 2015)1 &#8211; Introducci\u00f3n a VICH2 &#8211; Papel de VICH y las directrices VICH en el proceso de aprobaci\u00f3n de los medicamentos veterinarios.3 &#8211; Introducci\u00f3n al foro de divulgaci\u00f3n de VICH 4 &#8211; \u00bfC\u00f3mo involucrarse en VICH?5 &#8211; \u00bfC\u00f3mo conseguir m\u00e1s informaci\u00f3n sobre VICH??MISSING FILE: [&hellip;]<\/p>\n","protected":false},"author":1,"featured_media":0,"parent":2553,"menu_order":1,"comment_status":"closed","ping_status":"closed","template":"","meta":{"footnotes":""},"class_list":["post-2555","page","type-page","status-publish","hentry"],"_links":{"self":[{"href":"https:\/\/vichsec.org\/es\/wp-json\/wp\/v2\/pages\/2555","targetHints":{"allow":["GET"]}}],"collection":[{"href":"https:\/\/vichsec.org\/es\/wp-json\/wp\/v2\/pages"}],"about":[{"href":"https:\/\/vichsec.org\/es\/wp-json\/wp\/v2\/types\/page"}],"author":[{"embeddable":true,"href":"https:\/\/vichsec.org\/es\/wp-json\/wp\/v2\/users\/1"}],"replies":[{"embeddable":true,"href":"https:\/\/vichsec.org\/es\/wp-json\/wp\/v2\/comments?post=2555"}],"version-history":[{"count":0,"href":"https:\/\/vichsec.org\/es\/wp-json\/wp\/v2\/pages\/2555\/revisions"}],"up":[{"embeddable":true,"href":"https:\/\/vichsec.org\/es\/wp-json\/wp\/v2\/pages\/2553"}],"wp:attachment":[{"href":"https:\/\/vichsec.org\/es\/wp-json\/wp\/v2\/media?parent=2555"}],"curies":[{"name":"wp","href":"https:\/\/api.w.org\/{rel}","templated":true}]}}