{"id":2559,"date":"2024-10-21T13:03:23","date_gmt":"2024-10-21T13:03:23","guid":{"rendered":"https:\/\/vichsec.org\/formacion\/modulo-4-seguridad\/"},"modified":"2024-10-21T13:03:23","modified_gmt":"2024-10-21T13:03:23","slug":"modulo-4-seguridad","status":"publish","type":"page","link":"https:\/\/vichsec.org\/es\/formacion\/modulo-4-seguridad\/","title":{"rendered":"M\u00f3dulo 4 &#8211; Seguridad"},"content":{"rendered":" <div class=\"wp-block-group is-layout-constrained wp-block-group-is-layout-constrained\">  <div class=\"wp-block-group container has-mint-transparent-background-color has-background is-layout-constrained wp-block-group-is-layout-constrained\"> \r\n\t\t  <ul class=\"wp-block-list\">\r\n <li>Presentaci\u00f3n de la capacitaci\u00f3n de la ASEAN sobre VICH, del 26 al 27 de abril de 2017, Brunei<\/li> \r\n<\/ul> \r\n <p>a)\u00a0<a href=\"\/wp-content\/uploads\/2024\/10\/Brief Intro Approval System.pdf\">Breve Introducci\u00f3n<\/a> para el sistema de aprobaci\u00f3n de antimicrobianos en Jap\u00f3n<br \/>b) <a href=\"\/wp-content\/uploads\/2024\/10\/VICH GL27.pdf\">VICH GL27<\/a>: Gu\u00eda sobre informaci\u00f3n previa para el registro de nuevos medicamentos veterinarios para animales productores de alimentos con respecto a la resistencia a los antimicrobianos<\/p> \t \t \t  <\/div>  <\/div> ","protected":false},"excerpt":{"rendered":"<p>a)\u00a0Breve Introducci\u00f3n para el sistema de aprobaci\u00f3n de antimicrobianos en Jap\u00f3nb) VICH GL27: Gu\u00eda sobre informaci\u00f3n previa para el registro de nuevos medicamentos veterinarios para animales productores de alimentos con respecto a la resistencia a los antimicrobianos<\/p>\n","protected":false},"author":1,"featured_media":0,"parent":2553,"menu_order":5,"comment_status":"closed","ping_status":"closed","template":"","meta":{"footnotes":""},"class_list":["post-2559","page","type-page","status-publish","hentry"],"_links":{"self":[{"href":"https:\/\/vichsec.org\/es\/wp-json\/wp\/v2\/pages\/2559","targetHints":{"allow":["GET"]}}],"collection":[{"href":"https:\/\/vichsec.org\/es\/wp-json\/wp\/v2\/pages"}],"about":[{"href":"https:\/\/vichsec.org\/es\/wp-json\/wp\/v2\/types\/page"}],"author":[{"embeddable":true,"href":"https:\/\/vichsec.org\/es\/wp-json\/wp\/v2\/users\/1"}],"replies":[{"embeddable":true,"href":"https:\/\/vichsec.org\/es\/wp-json\/wp\/v2\/comments?post=2559"}],"version-history":[{"count":0,"href":"https:\/\/vichsec.org\/es\/wp-json\/wp\/v2\/pages\/2559\/revisions"}],"up":[{"embeddable":true,"href":"https:\/\/vichsec.org\/es\/wp-json\/wp\/v2\/pages\/2553"}],"wp:attachment":[{"href":"https:\/\/vichsec.org\/es\/wp-json\/wp\/v2\/media?parent=2559"}],"curies":[{"name":"wp","href":"https:\/\/api.w.org\/{rel}","templated":true}]}}