{"id":3080,"date":"2024-07-22T08:32:49","date_gmt":"2024-07-22T08:32:49","guid":{"rendered":"https:\/\/vichsec.org\/actividades\/"},"modified":"2024-10-29T09:31:52","modified_gmt":"2024-10-29T09:31:52","slug":"actividades","status":"publish","type":"page","link":"https:\/\/vichsec.org\/es\/actividades\/","title":{"rendered":"Actividades"},"content":{"rendered":"\n<div class=\"wp-block-group is-layout-constrained wp-block-group-is-layout-constrained\">\n<div class=\"wp-block-group container has-mint-transparent-background-color has-background is-layout-constrained wp-block-group-is-layout-constrained\">\n<p id=\"vich-page-menu\"><a href=\"#vich-steering-committee\">LA JUNTA DIRECTIVA DE VICH<\/a> | <a href=\"#vich-outreach-forum\">FORO DE DIVULGACI\u00d3N<\/a> | <a href=\"#public-conference\">CONFERENCIA P\u00daBLICA<\/a> | <a href=\"#public-consultations\">CONSULTAS P\u00daBLICAS<\/a> | <a href=\"#concept-papers\">DOCUMENTOS CONCEPTUALES<\/a> | <a href=\"#draft-guidelines-for-public-consultations\">PROYECTO DE DIRECTRICES PARA LAS CONSULTAS P\u00daBLICAS<\/a> | <a href=\"#comments-received-during-public-consultation\">COMENTARIOS RECIBIDOS DURANTE LA CONSULTA P\u00daBLICA<\/a><\/p>\n\n\n\n<h2 class=\"wp-block-heading\" id=\"vich-steering-committee\">La Junta Directiva de VICH<\/h2>\n\n\n\n<p>Pr\u00f3xima reuni\u00f3n <br\/><strong>43\u00aa reuni\u00f3n del CC (y 7\u00aa Conferencia P\u00fablica de la VICH)<\/strong><br\/> 10 &#8211; 15 de noviembre de 2024 en las Oficinas de la EMA (\u00c1msterdam, Pa\u00edses Bajos)<\/p>\n\n\n\n<p class=\"has-text-align-center has-large-font-size\"><a href=\"#vich-page-menu\"><i class=\"fas fa-circle-arrow-up\"><\/i><\/a><\/p>\n\n\n\n<h2 class=\"wp-block-heading\" id=\"vich-outreach-forum\">Foro de divulgaci\u00f3n<\/h2>\n\n\n\n<p>Pr\u00f3xima reuni\u00f3n: <br\/><strong>17\u00aa reuni\u00f3n del Foro VICH<\/strong><br\/>11 y 12 de noviembre de 2024 en las Oficinas de la EMA (\u00c1msterdam, Pa\u00edses Bajos)<\/p>\n\n\n\n<p class=\"has-text-align-center has-large-font-size\"><a href=\"#vich-page-menu\"><i class=\"fas fa-circle-arrow-up\"><\/i><\/a><\/p>\n\n\n\n<h2 class=\"wp-block-heading\" id=\"public-conference\">Conferencia P\u00fablica<\/h2>\n\n\n\n<p><strong>7\u00aa CONFERENCIA P\u00daBLICA VICH<\/strong><br\/>Noviembre 2024 en las Oficinas de la EMA (Amsterdam, Pa\u00edses Bajos)<br\/>LA INSCRIPCI\u00d3N EST\u00c1 CERRADA<\/p>\n\n\n\n<div class=\"wp-block-columns is-layout-flex wp-container-core-columns-is-layout-28f84493 wp-block-columns-is-layout-flex\">\n<div class=\"wp-block-column is-layout-flow wp-block-column-is-layout-flow\" style=\"flex-basis:33.33%\">\n<figure class=\"wp-block-image size-large\"><a href=\"\/wp-content\/uploads\/2024\/10\/VICH7-Conference-Programme-fin.pdf\" target=\"_blank\" rel=\"noreferrer noopener\"><img loading=\"lazy\" decoding=\"async\" width=\"1024\" height=\"1024\" src=\"https:\/\/vichsec.org\/wp-content\/uploads\/2024\/10\/VICH-7-social-visual-1024x1024.png\" alt=\"\" class=\"wp-image-2668\" srcset=\"https:\/\/vichsec.org\/wp-content\/uploads\/2024\/10\/VICH-7-social-visual-1024x1024.png 1024w, https:\/\/vichsec.org\/wp-content\/uploads\/2024\/10\/VICH-7-social-visual-300x300.png 300w, https:\/\/vichsec.org\/wp-content\/uploads\/2024\/10\/VICH-7-social-visual-150x150.png 150w, https:\/\/vichsec.org\/wp-content\/uploads\/2024\/10\/VICH-7-social-visual-768x768.png 768w, https:\/\/vichsec.org\/wp-content\/uploads\/2024\/10\/VICH-7-social-visual.png 1200w\" sizes=\"auto, (max-width: 1024px) 100vw, 1024px\" \/><\/a><figcaption class=\"wp-element-caption\">Programa revisado<\/figcaption><\/figure>\n<\/div>\n\n\n\n<div class=\"wp-block-column is-layout-flow wp-block-column-is-layout-flow\" style=\"flex-basis:66.66%\"><\/div>\n<\/div>\n\n\n\n<p class=\"has-text-align-center has-large-font-size\"><a href=\"#vich-page-menu\"><i class=\"fas fa-circle-arrow-up\"><\/i><\/a><\/p>\n\n\n\n<h2 class=\"wp-block-heading\" id=\"public-consultations\">Consultas p\u00fablicas<\/h2>\n\n\n\n<h4 class=\"wp-block-heading\" id=\"concept-papers\">Documentos conceptuales<\/h4>\n\n\n\n<p>No se han encontrado art\u00edculos<\/p>\n\n\n\n<p class=\"has-text-align-center has-large-font-size\"><a href=\"#vich-page-menu\"><i class=\"fas fa-circle-arrow-up\"><\/i><\/a><\/p>\n\n\n\n<h4 class=\"wp-block-heading\" id=\"draft-guidelines-for-public-consultations\">Proyecto de Directrices para Consulta P\u00fablica<\/h4>\n\n\n\n<ul class=\"wp-block-list\">\n<li><a href=\"\/wp-content\/uploads\/2024\/10\/GL7R-st4.pdf\" target=\"_blank\" rel=\"noreferrer noopener\">Eficacia de los antihelm\u00ednticos: requisitos generales (Revisi\u00f3n 1)<\/a><br>VICH GL 7(R1)\n<p>(Antihelm\u00ednticos General) &#8211; Mayo 2022 &#8211; Liberado en el escal\u00f3n 4 por un periodo de consulta de 6 meses hasta el 1 de noviembre de 2022<\/p>\n<\/li>\n\n\n\n<li><a href=\"\/wp-content\/uploads\/2024\/10\/GL12R-st4.pdf\" target=\"_blank\" rel=\"noreferrer noopener\">Eficacia de los antihelm\u00ednticos: recomendaciones espec\u00edficas para los bovinos<\/a><br>VICH GL 12(R1)\n<p>(Antihelm\u00ednticos Bovinos) &#8211; Mayo 2022 &#8211; Liberado en el escal\u00f3n 4 por un periodo de consulta de 6 meses hasta el 1 de noviembre de 2022<\/p>\n<\/li>\n\n\n\n<li><a href=\"\/wp-content\/uploads\/2024\/10\/GL13R-st4.pdf\" target=\"_blank\" rel=\"noreferrer noopener\">Eficacia de los antihelm\u00ednticos: recomendaciones espec\u00edficas para los ovinos (Revisi\u00f3n 1)<\/a><br>VICH GL 13(R1)\n<p>(Antihelm\u00ednticos Ovinos) &#8211; Mayo 2022 &#8211; Liberado en el escal\u00f3n 4 por un periodo de consulta de 6 meses hasta el 1 de noviembre de 2022<\/p>\n<\/li>\n\n\n\n<li><a href=\"\/wp-content\/uploads\/2024\/10\/GL14R-st4.pdf\" target=\"_blank\" rel=\"noreferrer noopener\">Eficacia de los antihelm\u00ednticos: recomendaciones espec\u00edficas para los caprinos<\/a><br>VICH GL 14(R1)\n<p>(Antihelm\u00ednticos Caprinos) &#8211; Mayo 2022 &#8211; Liberado en el escal\u00f3n 4 por un periodo de consulta de 6 meses hasta el 1 de noviembre de 2022<\/p>\n<\/li>\n\n\n\n<li><a href=\"\/wp-content\/uploads\/2024\/10\/GL15R-st4.pdf\" target=\"_blank\" rel=\"noreferrer noopener\">Eficacia de los antihelm\u00ednticos: recomendaciones espec\u00edficas para los \u00e9quidos (Revisi\u00f3n 1)<\/a><br>VICH GL 15(R1)\n<p>(Antihelm\u00ednticos Equinos) &#8211; Mayo 2022 &#8211; Liberado en el Tr\u00e1mite 4 por un periodo de consulta de 6 meses hasta el 1 de noviembre de 2022<\/p>\n<\/li>\n\n\n\n<li><a href=\"\/wp-content\/uploads\/2024\/10\/GL16R-st4.pdf\" target=\"_blank\" rel=\"noreferrer noopener\">Eficacia de los antihelm\u00ednticos: recomendaciones espec\u00edficas para los porcinos (Revisi\u00f3n 1)<\/a><br>VICH GL 16(R1)\n<p>(Antihelm\u00ednticos Porcinos) &#8211; Mayo 2022 &#8211; Liberado en el Paso 4 por un periodo de consulta de 6 meses hasta el 1 de Noviembre de 2022<\/p>\n<\/li>\n\n\n\n<li><a href=\"\/wp-content\/uploads\/2024\/10\/GL18R2-st4.pdf\" target=\"_blank\" rel=\"noreferrer noopener\">Impurezas: Disolventes residuales en nuevos medicamentos veterinarios, sustancias activas y excipientes (Revisi\u00f3n 2)<\/a><br>VICH GL 18(R2)\n<p>(Calidad &#8211; Impurezas: Disolventes residuales) &#8211; Diciembre de 2021 &#8211; Liberado en el Tr\u00e1mite 4 para un periodo de consulta de 6 meses, hasta el 10 de junio de 2022<\/p>\n<\/li>\n\n\n\n<li><a href=\"\/wp-content\/uploads\/2024\/10\/GL19R-st4.pdf\" target=\"_blank\" rel=\"noreferrer noopener\">Eficacia de los antihelm\u00ednticos: recomendaciones espec\u00edficas para los caninos (Revisi\u00f3n 1) <\/a><br>VICH GL 19(R1)\n<p>(Antihelm\u00ednticos Caninos) &#8211; Mayo 2022 &#8211; Liberado en el Tr\u00e1mite 4 por un periodo de consulta de 6 meses hasta el 1 de noviembre de 2022<\/p>\n<\/li>\n\n\n\n<li><a href=\"\/wp-content\/uploads\/2024\/10\/GL20R-st4.pdf\" target=\"_blank\" rel=\"noreferrer noopener\">Eficacia de los antihelm\u00ednticos: recomendaciones espec\u00edficas para felinos (Revisi\u00f3n 1)<\/a><br>VICH GL 20(R1)\n<p>(Antihelm\u00ednticos Felinos) &#8211; Mayo 2022 &#8211; Liberado en el Tr\u00e1mite 4 por un periodo de consulta de 6 meses hasta el 1 de noviembre de 2022<\/p>\n<\/li>\n\n\n\n<li> <a href=\"\/wp-content\/uploads\/2024\/10\/GL21R-st4.pdf\" target=\"_blank\" rel=\"noreferrer noopener\"> Eficacia de los antihelm\u00ednticos: recomendaciones espec\u00edficas para las aves de corral (Revisi\u00f3n 1)<\/a><br>VICH GL 21(R1)\n<p>(Antihelm\u00ednticos Aves de Corral) &#8211; Mayo 2022 &#8211; Liberado en el Tr\u00e1mite 4 durante un periodo de consulta de 6 meses, hasta el 1 de noviembre de 2022.<\/p>\n<\/li>\n\n\n\n<li><a href=\"\/wp-content\/uploads\/2024\/10\/GL60-st4.pdf\" target=\"_blank\" rel=\"noreferrer noopener\">GMP para API: Buenas pr\u00e1cticas de fabricaci\u00f3n de principios activos farmac\u00e9uticos utilizados en medicamentos veterinarios<\/a><br>VICH GL 60\n<p>(Calidad) &#8211; Septiembre de 2023 &#8211; Liberado en el Paso 4 para un periodo de consulta de 6 meses hasta marzo de 2024<\/p>\n<\/li>\n\n\n\n<li><a href=\"\/wp-content\/uploads\/2024\/10\/GL22-R-st4.pdf\" target=\"_blank\" rel=\"noreferrer noopener\">Reproducci\u00f3n: Estudios para evaluar la seguridad de los residuos de medicamentos veterinarios en los alimentos humanos: estudios de reproducci\u00f3n<\/a><br>VICH GL 22(R)\n<p>(Seguridad) &#8211; Enero 2024 &#8211; Liberado en el Paso 4 durante un periodo de consulta de 6 meses hasta el 31 de julio de 2024<\/p>\n<\/li>\n\n\n\n<li><a href=\"\/wp-content\/uploads\/2024\/10\/GL61-st4.pdf\">Desarrollo Farmac\u00e9utico: Desarrollo Farmac\u00e9utico de Medicamentos Veterinarios<\/a><br>VICH GL 61\n<p>Calidad &#8211; Febrero 2024 &#8211; Liberado en el Paso 4 para un periodo de consulta de 6 meses hasta el 15 de agosto de 2024<\/p>\n<\/li>\n\n\n\n<li><a href=\"\/wp-content\/uploads\/2024\/10\/GL23R2-st4.pdf\" target=\"_blank\" rel=\"noreferrer noopener\">Estudios para evaluar la seguridad de los residuos de medicamentos veterinarios en los alimentos humanos: pruebas de genotoxicidad<\/a><br>VICH GL 23(R2)\n<p>(Seguridad) &#8211; Mayo 2024 &#8211; Liberado en el Paso 4 para un periodo de consulta de 6 meses hasta el 30 de noviembre de 2024<\/p>\n<\/li>\n<\/ul>\n\n\n\n<p class=\"has-text-align-center has-large-font-size\"><a href=\"#vich-page-menu\"><i class=\"fas fa-circle-arrow-up\"><\/i><\/a><\/p>\n\n\n\n<h4 class=\"wp-block-heading\" id=\"comments-received-during-public-consultation\">Comentarios recibidos durante la consulta p\u00fablica<\/h4>\n\n\n\n<ul class=\"wp-block-list\">\n<li><a href=\"\/wp-content\/uploads\/2024\/10\/GL18R2-st4-comments.pdf\">VICH GL18(R2) &#8211; Comentarios en el Paso 4<\/a><br\/> (Calidad &#8211; Impurezas)<\/li>\n\n\n\n<li><a href=\"\/wp-content\/uploads\/2024\/10\/GL59-st4-comments.pdf\">VICH GL59 &#8211; Comentarios en el Paso 4<\/a><br\/> (Biol\u00f3gicos &#8211; LABST Vacunas Veterinarias)<\/li>\n\n\n\n<li><a href=\"\/wp-content\/uploads\/2024\/10\/GL56-st4-comments.pdf\">VICH GL56 &#8211; Comentarios en el Paso 4<\/a><br\/> (MRK &#8211; Miel)<\/li>\n\n\n\n<li><a href=\"\/wp-content\/uploads\/2024\/10\/VICH%20GL%2054%20-%20Comments%20at%20Step%204%20002.pdf\">VICH GL54 &#8211; Comentarios en el Paso 4<\/a><br\/> (Seguridad)<\/li>\n\n\n\n<li><a href=\"\/wp-content\/uploads\/2024\/10\/GL53-st4-comments.pdf\">VICH GL53 &#8211; Comentarios en el Paso 4<\/a><br\/> (EFF)<\/li>\n\n\n\n<li><a href=\"\/wp-content\/uploads\/2024\/10\/GL52-st4-comments.pdf\">VICH GL52 &#8211; Comentarios en el Paso 4<\/a><br\/> (Bioequivalencia)<\/li>\n\n\n\n<li><a href=\"\/wp-content\/uploads\/2024\/10\/GL51-st4-comments.pdf\">VICH GL51 &#8211; Comentarios en el Paso 4<\/a><br\/> (Productos farmac\u00e9uticos &#8211; Calidad: Datos de estabilidad)<\/li>\n\n\n\n<li><a href=\"\/wp-content\/uploads\/2024\/10\/GL50-st4-comments.pdf\">VICH GL50 &#8211; Comentarios en el Paso 4<\/a><br\/> (Biol\u00f3gicos: TABST)<\/li>\n<\/ul>\n\n\n\n<p class=\"has-text-align-center has-large-font-size\"><a href=\"#vich-page-menu\"><i class=\"fas fa-circle-arrow-up\"><\/i><\/a><\/p>\n<\/div>\n<\/div>\n","protected":false},"excerpt":{"rendered":"<p>LA JUNTA DIRECTIVA DE VICH | FORO DE DIVULGACI\u00d3N | CONFERENCIA P\u00daBLICA | CONSULTAS P\u00daBLICAS | DOCUMENTOS CONCEPTUALES | PROYECTO DE DIRECTRICES PARA LAS CONSULTAS P\u00daBLICAS | COMENTARIOS RECIBIDOS DURANTE LA CONSULTA P\u00daBLICA La Junta Directiva de VICH Pr\u00f3xima reuni\u00f3n 43\u00aa reuni\u00f3n del CC (y 7\u00aa Conferencia P\u00fablica de la VICH) 10 &#8211; 15 de [&hellip;]<\/p>\n","protected":false},"author":1,"featured_media":0,"parent":0,"menu_order":4,"comment_status":"closed","ping_status":"closed","template":"","meta":{"footnotes":""},"class_list":["post-3080","page","type-page","status-publish","hentry"],"_links":{"self":[{"href":"https:\/\/vichsec.org\/es\/wp-json\/wp\/v2\/pages\/3080","targetHints":{"allow":["GET"]}}],"collection":[{"href":"https:\/\/vichsec.org\/es\/wp-json\/wp\/v2\/pages"}],"about":[{"href":"https:\/\/vichsec.org\/es\/wp-json\/wp\/v2\/types\/page"}],"author":[{"embeddable":true,"href":"https:\/\/vichsec.org\/es\/wp-json\/wp\/v2\/users\/1"}],"replies":[{"embeddable":true,"href":"https:\/\/vichsec.org\/es\/wp-json\/wp\/v2\/comments?post=3080"}],"version-history":[{"count":1,"href":"https:\/\/vichsec.org\/es\/wp-json\/wp\/v2\/pages\/3080\/revisions"}],"predecessor-version":[{"id":3081,"href":"https:\/\/vichsec.org\/es\/wp-json\/wp\/v2\/pages\/3080\/revisions\/3081"}],"wp:attachment":[{"href":"https:\/\/vichsec.org\/es\/wp-json\/wp\/v2\/media?parent=3080"}],"curies":[{"name":"wp","href":"https:\/\/api.w.org\/{rel}","templated":true}]}}