{"id":3176,"date":"2024-10-03T12:17:40","date_gmt":"2024-10-03T12:17:40","guid":{"rendered":"https:\/\/vichsec.org\/?page_id=3176"},"modified":"2024-10-30T11:59:06","modified_gmt":"2024-10-30T11:59:06","slug":"contactenos","status":"publish","type":"page","link":"https:\/\/vichsec.org\/es\/contactenos\/","title":{"rendered":"CONT\u00c1CTENOS"},"content":{"rendered":"\n<div class=\"wp-block-group is-layout-constrained wp-block-group-is-layout-constrained\">\n<div class=\"wp-block-group container has-mint-transparent-background-color has-background is-layout-constrained wp-block-group-is-layout-constrained\">\n<h2 class=\"wp-block-heading\">Para m\u00e1s informaci\u00f3n sobre VICH, por favor, p\u00f3ngase en contacto con<\/h2>\n\n\n\n<p><strong>SECRETAR\u00cdA VICH<\/strong><\/p>\n\n\n\n<p>Herv\u00e9 Marion, DVM<\/p>\n\n\n\n<p>Direcci\u00f3n:<br>c\/o HealthforAnimals<br>Rue d&#8217;Idalie, 9-13 (4th floor) &#8211; 1050 Bruselas (B\u00e9lgica)<\/p>\n\n\n\n<p>E-mail&nbsp;<a href=\"mailto:sec@vichsec.org\">sec@vichsec.org<\/a><\/p>\n\n\n\n<p>Website&nbsp;<a href=\"http:\/\/www.vichsec.org\/\">www.vichsec.org<\/a><\/p>\n\n\n\n<h4 class=\"wp-block-heading\"><strong>COORDINADORES\u00a0VICH:\u00a0<\/strong><\/h4>\n\n\n\n<p><strong>In the EE. UU.<\/strong><br>AHI:\u00a0 Rachel CUMBERBATCH<br>FDA\/USDA:\u00a0 Brandi ROBINSON<br><\/p>\n\n\n\n<p class=\"mb-0\"><strong>En Europe<\/strong><br>AnimalHealth Europe:\u00a0 Rick CLAYTON<br>EU:\u00a0 Nicholas JARRETT<br><\/p>\n\n\n\n<p><strong>In Japan<\/strong><br>JVPA:&nbsp; Koji OISHI<br>JMAFF:&nbsp; Junichi OHMORI<\/p>\n<\/div>\n<\/div>\n","protected":false},"excerpt":{"rendered":"<p>Para m\u00e1s informaci\u00f3n sobre VICH, por favor, p\u00f3ngase en contacto con SECRETAR\u00cdA VICH Herv\u00e9 Marion, DVM Direcci\u00f3n:c\/o HealthforAnimalsRue d&#8217;Idalie, 9-13 (4th floor) &#8211; 1050 Bruselas (B\u00e9lgica) E-mail&nbsp;sec@vichsec.org Website&nbsp;www.vichsec.org COORDINADORES\u00a0VICH:\u00a0 In the EE. UU.AHI:\u00a0 Rachel CUMBERBATCHFDA\/USDA:\u00a0 Brandi ROBINSON En EuropeAnimalHealth Europe:\u00a0 Rick CLAYTONEU:\u00a0 Nicholas JARRETT In JapanJVPA:&nbsp; Koji OISHIJMAFF:&nbsp; Junichi OHMORI<\/p>\n","protected":false},"author":1,"featured_media":0,"parent":0,"menu_order":9,"comment_status":"closed","ping_status":"closed","template":"","meta":{"footnotes":""},"class_list":["post-3176","page","type-page","status-publish","hentry"],"_links":{"self":[{"href":"https:\/\/vichsec.org\/es\/wp-json\/wp\/v2\/pages\/3176","targetHints":{"allow":["GET"]}}],"collection":[{"href":"https:\/\/vichsec.org\/es\/wp-json\/wp\/v2\/pages"}],"about":[{"href":"https:\/\/vichsec.org\/es\/wp-json\/wp\/v2\/types\/page"}],"author":[{"embeddable":true,"href":"https:\/\/vichsec.org\/es\/wp-json\/wp\/v2\/users\/1"}],"replies":[{"embeddable":true,"href":"https:\/\/vichsec.org\/es\/wp-json\/wp\/v2\/comments?post=3176"}],"version-history":[{"count":2,"href":"https:\/\/vichsec.org\/es\/wp-json\/wp\/v2\/pages\/3176\/revisions"}],"predecessor-version":[{"id":3178,"href":"https:\/\/vichsec.org\/es\/wp-json\/wp\/v2\/pages\/3176\/revisions\/3178"}],"wp:attachment":[{"href":"https:\/\/vichsec.org\/es\/wp-json\/wp\/v2\/media?parent=3176"}],"curies":[{"name":"wp","href":"https:\/\/api.w.org\/{rel}","templated":true}]}}