{"id":2334,"date":"2024-07-22T08:31:20","date_gmt":"2024-07-22T08:31:20","guid":{"rendered":"https:\/\/vichsec.org\/?page_id=2334"},"modified":"2025-01-17T10:58:48","modified_gmt":"2025-01-17T10:58:48","slug":"home","status":"publish","type":"page","link":"https:\/\/vichsec.org\/fr\/","title":{"rendered":"Accueil"},"content":{"rendered":"\n<div class=\"wp-block-group p-0 is-layout-constrained wp-block-group-is-layout-constrained\">\n<div class=\"wp-block-group container p-0 is-layout-constrained wp-block-group-is-layout-constrained\">\n<div class=\"wp-block-group has-mint-transparent-background-color has-background is-layout-constrained wp-block-group-is-layout-constrained\">\n<h1 class=\"wp-block-heading\">Qu&#8217;est-ce que VICH ?<\/h1>\n\n\n\n<p><em>Courte d\u00e9finition<\/em><\/p>\n\n\n\n<p>Le VICH est un programme trilat\u00e9ral&nbsp;(Union europ\u00e9enne\/Japon\/\u00c9tats-Unis) visant \u00e0 harmoniser les exigences techniques pour l\u2019enregistrement des produits v\u00e9t\u00e9rinaires.Son intitul\u00e9 complet est : \u00ab Coop\u00e9ration internationale pour l\u2019harmonisation des exigences techniques pour l\u2019enregistrement des m\u00e9dicaments v\u00e9t\u00e9rinaires \u00bb. Le VICH a \u00e9t\u00e9 lanc\u00e9 officiellement en avril 1996. Il a 5 objectifs principaux.<\/p>\n\n\n\n<div class=\"wp-block-buttons is-layout-flex wp-block-buttons-is-layout-flex\">\n<div class=\"wp-block-button\"><a class=\"wp-block-button__link wp-element-button\" href=\"\/fr\/a-propos\/quest-ce-que-le-vich\/\">En savoir plus<\/a><\/div>\n<\/div>\n<\/div>\n\n\n\n<div class=\"wp-block-columns is-layout-flex wp-container-core-columns-is-layout-28f84493 wp-block-columns-is-layout-flex\">\n<div class=\"wp-block-column has-white-transparent-background-color has-background is-layout-flow wp-block-column-is-layout-flow\">\n<h2 class=\"wp-block-heading\">Derni\u00e8res ressources et \u00e9v\u00e9nements<\/h2>\n\n\n\n<div class=\"wp-block-columns are-vertically-aligned-center is-layout-flex wp-container-core-columns-is-layout-28f84493 wp-block-columns-is-layout-flex\">\n<div class=\"wp-block-column is-vertically-aligned-center is-layout-flow wp-block-column-is-layout-flow\" style=\"flex-basis:66.66%\">\n<p><strong>17th VICH Forum meeting<\/strong><br>11 &amp; 12 November 2024 at the EMA Offices (Amsterdam, The Netherlands)<\/p>\n<\/div>\n\n\n\n<div class=\"wp-block-column is-vertically-aligned-center is-layout-flow wp-block-column-is-layout-flow\" style=\"flex-basis:33.33%\">\n<div class=\"wp-block-buttons is-layout-flex wp-block-buttons-is-layout-flex\">\n<div class=\"wp-block-button\"><a class=\"wp-block-button__link wp-element-button\" href=\"https:\/\/vichsec.org\/activities\/#vich-outreach-forum\">En savoir plus<\/a><\/div>\n<\/div>\n<\/div>\n<\/div>\n\n\n\n<div class=\"wp-block-columns are-vertically-aligned-center is-layout-flex wp-container-core-columns-is-layout-28f84493 wp-block-columns-is-layout-flex\">\n<div class=\"wp-block-column is-vertically-aligned-center is-layout-flow wp-block-column-is-layout-flow\" style=\"flex-basis:66.66%\">\n<p><strong>Next meetings of Steering Committee<br><\/strong>43rd SC meeting (&amp; 7th VICH Public Conference): 10-15 November 2024 at the EMA Offices (Amsterdam, The Netherlands)<\/p>\n<\/div>\n\n\n\n<div class=\"wp-block-column is-vertically-aligned-center is-layout-flow wp-block-column-is-layout-flow\" style=\"flex-basis:33.33%\">\n<div class=\"wp-block-buttons is-layout-flex wp-block-buttons-is-layout-flex\">\n<div class=\"wp-block-button\"><a class=\"wp-block-button__link wp-element-button\" href=\"https:\/\/vichsec.org\/activities\/\">En savoir plus<\/a><\/div>\n<\/div>\n<\/div>\n<\/div>\n<\/div>\n\n\n\n<div class=\"wp-block-column has-orange-transparent-background-color has-background is-layout-flow wp-block-column-is-layout-flow\">\n<h2 class=\"wp-block-heading has-white-color has-text-color has-link-color wp-elements-c694c14980081144eace079f5aa2fcc9\">Points forts<\/h2>\n\n\n\n<figure class=\"wp-block-image size-large is-resized\"><a href=\"https:\/\/vichsec.org\/fr\/activites\/\"><img loading=\"lazy\" decoding=\"async\" width=\"1024\" height=\"1024\" src=\"https:\/\/vichsec.org\/wp-content\/uploads\/2024\/10\/VICH-7-social-visual-1024x1024.png\" alt=\"\" class=\"wp-image-2668\" style=\"width:330px;height:auto\" srcset=\"https:\/\/vichsec.org\/wp-content\/uploads\/2024\/10\/VICH-7-social-visual-1024x1024.png 1024w, https:\/\/vichsec.org\/wp-content\/uploads\/2024\/10\/VICH-7-social-visual-300x300.png 300w, https:\/\/vichsec.org\/wp-content\/uploads\/2024\/10\/VICH-7-social-visual-150x150.png 150w, https:\/\/vichsec.org\/wp-content\/uploads\/2024\/10\/VICH-7-social-visual-768x768.png 768w, https:\/\/vichsec.org\/wp-content\/uploads\/2024\/10\/VICH-7-social-visual.png 1200w\" sizes=\"auto, (max-width: 1024px) 100vw, 1024px\" \/><\/a><\/figure>\n\n\n\n<p class=\"has-white-color has-text-color has-link-color wp-elements-379d9df3daed645fcdc6a48bc3bc196b\">7th VICH PUBLIC CONFERENCE<br>November 2024 at the EMA Offices (Amsterdam, The Netherlands)<\/p>\n\n\n\n<div class=\"wp-block-buttons is-layout-flex wp-block-buttons-is-layout-flex\">\n<div class=\"wp-block-button\"><a class=\"wp-block-button__link wp-element-button\" href=\"https:\/\/vichsec.org\/activities\/#public-conference\">En savoir plus<\/a><\/div>\n<\/div>\n\n\n\n<h5 class=\"wp-block-heading has-white-color has-text-color has-link-color wp-elements-603903cde2f43473d775bd5ead092799\">REGISTRATION IS CLOSED<\/h5>\n<\/div>\n<\/div>\n<\/div>\n<\/div>\n","protected":false},"excerpt":{"rendered":"<p>Qu&#8217;est-ce que VICH ? Courte d\u00e9finition Le VICH est un programme trilat\u00e9ral&nbsp;(Union europ\u00e9enne\/Japon\/\u00c9tats-Unis) visant \u00e0 harmoniser les exigences techniques pour l\u2019enregistrement des produits v\u00e9t\u00e9rinaires.Son intitul\u00e9 complet est : \u00ab Coop\u00e9ration internationale pour l\u2019harmonisation des exigences techniques pour l\u2019enregistrement des m\u00e9dicaments v\u00e9t\u00e9rinaires \u00bb. Le VICH a \u00e9t\u00e9 lanc\u00e9 officiellement en avril 1996. Il a 5 objectifs [&hellip;]<\/p>\n","protected":false},"author":1,"featured_media":0,"parent":0,"menu_order":1,"comment_status":"closed","ping_status":"closed","template":"templates\/10_homepage.php","meta":{"footnotes":""},"class_list":["post-2334","page","type-page","status-publish","hentry"],"_links":{"self":[{"href":"https:\/\/vichsec.org\/fr\/wp-json\/wp\/v2\/pages\/2334","targetHints":{"allow":["GET"]}}],"collection":[{"href":"https:\/\/vichsec.org\/fr\/wp-json\/wp\/v2\/pages"}],"about":[{"href":"https:\/\/vichsec.org\/fr\/wp-json\/wp\/v2\/types\/page"}],"author":[{"embeddable":true,"href":"https:\/\/vichsec.org\/fr\/wp-json\/wp\/v2\/users\/1"}],"replies":[{"embeddable":true,"href":"https:\/\/vichsec.org\/fr\/wp-json\/wp\/v2\/comments?post=2334"}],"version-history":[{"count":9,"href":"https:\/\/vichsec.org\/fr\/wp-json\/wp\/v2\/pages\/2334\/revisions"}],"predecessor-version":[{"id":6953,"href":"https:\/\/vichsec.org\/fr\/wp-json\/wp\/v2\/pages\/2334\/revisions\/6953"}],"wp:attachment":[{"href":"https:\/\/vichsec.org\/fr\/wp-json\/wp\/v2\/media?parent=2334"}],"curies":[{"name":"wp","href":"https:\/\/api.w.org\/{rel}","templated":true}]}}