{"id":2544,"date":"2024-10-17T08:56:43","date_gmt":"2024-10-17T08:56:43","guid":{"rendered":"https:\/\/vichsec.org\/entrainement\/supports-de-formation-generaux\/"},"modified":"2024-10-21T12:42:50","modified_gmt":"2024-10-21T12:42:50","slug":"supports-de-formation-generaux","status":"publish","type":"page","link":"https:\/\/vichsec.org\/fr\/entrainement\/supports-de-formation-generaux\/","title":{"rendered":"Supports de formation g\u00e9n\u00e9raux"},"content":{"rendered":" <div class=\"wp-block-group is-layout-constrained wp-block-group-is-layout-constrained\">  <div class=\"wp-block-group container has-mint-transparent-background-color has-background is-layout-constrained wp-block-group-is-layout-constrained\"> \r\n\t\t  <ul class=\"wp-block-list\">\r\n <li><span><em><strong>R\u00c9VIS\u00c9 <\/strong> \u00a0<\/em><\/span>Pr\u00e9sentation PowerPoint: <span><a href=\"\/wp-content\/uploads\/2024\/10\/VICH general principles update 27June2016.pptx\">Principes g\u00e9n\u00e9raux du VICH <\/a><\/span> et derni\u00e8re mise \u00e0 jour de l\u2019activit\u00e9 actuelle du Forum \u00e9largi du VICH (27 juin 2016)<\/li> \r\n <li><span><span><em><strong>R\u00c9VIS\u00c9 <\/strong>\u00a0 <\/em><\/span><span><span><a href=\"\/wp-content\/uploads\/2024\/10\/10008-Rev 2-fin .pdf\">VICH\/10\/008 &#8211; R\u00e9vision 2 &#8211; 20 septembre 2016<\/a><\/span><\/span><\/span> &#8211; Le VICH et son r\u00f4le dans la d\u00e9finition d\u2019exigences pour les donn\u00e9es harmonis\u00e9es pour soutenir l\u2019autorisation des m\u00e9dicaments v\u00e9t\u00e9rinaires<\/li> \r\n <li>Conf\u00e9rence mondiale sur la sant\u00e9 animale et atelier sur les bonnes pratiques r\u00e9glementaires, New Delhi, Inde, novembre 2016 &#8211; <a href=\"\/wp-content\/uploads\/2024\/10\/95-5th-global-animal-health-conference.html#content-section\">Rapports de la conf\u00e9rence et de l\u2019atelier et tous les expos\u00e9s<\/a><\/li> \r\n<\/ul> \r\n <p>\u00a0<\/p> \r\n <p><span><em><strong>Atelier sur le VICH &#8211; Informations g\u00e9n\u00e9rales (Tanzanie, 24 juin 2015)<\/strong><\/em><\/span><br \/><span><a href=\"\/wp-content\/uploads\/2024\/10\/1. Introduction to VICH - Clayton.pptx\">1 &#8211; Pr\u00e9sentation du VICH<\/a><br \/><a href=\"\/wp-content\/uploads\/2024\/10\/2. Role of VICH guidelines - Mackay.pptx\">2 &#8211; R\u00f4le du VICH et des lignes directrices du VICH dans le processus de validation des m\u00e9dicaments v\u00e9t\u00e9rinaires<\/a><br \/><\/span><a href=\"\/wp-content\/uploads\/2024\/10\/3. Introduction to VOF - Vaughn.pptx\">3 &#8211; Pr\u00e9sentation du Forum \u00e9largi du VICH<\/a><br \/><a href=\"\/wp-content\/uploads\/2024\/10\/4. How to get involved in VICH - Bryce.pptx\">4 &#8211; Comment s\u2019impliquer dans le VICH ?<\/a><br \/><a href=\"\/wp-content\/uploads\/2024\/10\/5. How to get more info on VICH -Walters.pptx\">5 &#8211; Comment obtenir plus d\u2019informations sur le VICH ?<\/a>?<br \/><a href=\"https:\/\/www.vichsec.org\/fr\/component\/attachments\/attachments\/1121.html?task=attachment\">MISSING FILE: 6 &#8211; VICH &#8211; D\u00e9veloppement de syst\u00e8mes de PhV [https:\/\/www.vichsec.org\/fr\/component\/attachments\/attachments\/1121.html?task=attachment]<\/a><\/p> \t \t \t  <\/div>  <\/div> ","protected":false},"excerpt":{"rendered":"<p>\u00a0 Atelier sur le VICH &#8211; Informations g\u00e9n\u00e9rales (Tanzanie, 24 juin 2015)1 &#8211; Pr\u00e9sentation du VICH2 &#8211; R\u00f4le du VICH et des lignes directrices du VICH dans le processus de validation des m\u00e9dicaments v\u00e9t\u00e9rinaires3 &#8211; Pr\u00e9sentation du Forum \u00e9largi du VICH4 &#8211; Comment s\u2019impliquer dans le VICH ?5 &#8211; Comment obtenir plus d\u2019informations sur le [&hellip;]<\/p>\n","protected":false},"author":1,"featured_media":0,"parent":2539,"menu_order":1,"comment_status":"closed","ping_status":"closed","template":"","meta":{"footnotes":""},"class_list":["post-2544","page","type-page","status-publish","hentry"],"_links":{"self":[{"href":"https:\/\/vichsec.org\/fr\/wp-json\/wp\/v2\/pages\/2544","targetHints":{"allow":["GET"]}}],"collection":[{"href":"https:\/\/vichsec.org\/fr\/wp-json\/wp\/v2\/pages"}],"about":[{"href":"https:\/\/vichsec.org\/fr\/wp-json\/wp\/v2\/types\/page"}],"author":[{"embeddable":true,"href":"https:\/\/vichsec.org\/fr\/wp-json\/wp\/v2\/users\/1"}],"replies":[{"embeddable":true,"href":"https:\/\/vichsec.org\/fr\/wp-json\/wp\/v2\/comments?post=2544"}],"version-history":[{"count":1,"href":"https:\/\/vichsec.org\/fr\/wp-json\/wp\/v2\/pages\/2544\/revisions"}],"predecessor-version":[{"id":2545,"href":"https:\/\/vichsec.org\/fr\/wp-json\/wp\/v2\/pages\/2544\/revisions\/2545"}],"up":[{"embeddable":true,"href":"https:\/\/vichsec.org\/fr\/wp-json\/wp\/v2\/pages\/2539"}],"wp:attachment":[{"href":"https:\/\/vichsec.org\/fr\/wp-json\/wp\/v2\/media?parent=2544"}],"curies":[{"name":"wp","href":"https:\/\/api.w.org\/{rel}","templated":true}]}}