{"id":2549,"date":"2024-10-21T12:52:58","date_gmt":"2024-10-21T12:52:58","guid":{"rendered":"https:\/\/vichsec.org\/entrainement\/module-4-securite\/"},"modified":"2024-10-21T12:52:58","modified_gmt":"2024-10-21T12:52:58","slug":"module-4-securite","status":"publish","type":"page","link":"https:\/\/vichsec.org\/fr\/entrainement\/module-4-securite\/","title":{"rendered":"Module 4 &#8211; S\u00e9curit\u00e9"},"content":{"rendered":" <div class=\"wp-block-group is-layout-constrained wp-block-group-is-layout-constrained\">  <div class=\"wp-block-group container has-mint-transparent-background-color has-background is-layout-constrained wp-block-group-is-layout-constrained\"> \r\n\t\t  <ul class=\"wp-block-list\">\r\n <li>Expos\u00e9 pr\u00e9sent\u00e9 lors de la formation de l\u2019ASEAN sur le VICH, 26-27 avril 2017, Brunei<\/li> \r\n<\/ul> \r\n <p>a)\u00a0<a href=\"\/wp-content\/uploads\/2024\/10\/Brief Intro Approval System.pdf\">Br\u00e8ve pr\u00e9sentation <\/a> du syst\u00e8me de validation des antimicrobiens au Japon<br \/>b) <a href=\"\/wp-content\/uploads\/2024\/10\/VICH GL27.pdf\">VICH GL27 :<\/a> Orientations relatives aux informations de pr\u00e9-validation pour l\u2019enregistrement de nouveaux m\u00e9dicaments v\u00e9t\u00e9rinaires pour les animaux producteurs d\u2019aliments en ce qui concerne la r\u00e9sistance antimicrobienne<\/p> \t \t \t  <\/div>  <\/div> ","protected":false},"excerpt":{"rendered":"<p>a)\u00a0Br\u00e8ve pr\u00e9sentation du syst\u00e8me de validation des antimicrobiens au Japonb) VICH GL27 : Orientations relatives aux informations de pr\u00e9-validation pour l\u2019enregistrement de nouveaux m\u00e9dicaments v\u00e9t\u00e9rinaires pour les animaux producteurs d\u2019aliments en ce qui concerne la r\u00e9sistance antimicrobienne<\/p>\n","protected":false},"author":1,"featured_media":0,"parent":2539,"menu_order":5,"comment_status":"closed","ping_status":"closed","template":"","meta":{"footnotes":""},"class_list":["post-2549","page","type-page","status-publish","hentry"],"_links":{"self":[{"href":"https:\/\/vichsec.org\/fr\/wp-json\/wp\/v2\/pages\/2549","targetHints":{"allow":["GET"]}}],"collection":[{"href":"https:\/\/vichsec.org\/fr\/wp-json\/wp\/v2\/pages"}],"about":[{"href":"https:\/\/vichsec.org\/fr\/wp-json\/wp\/v2\/types\/page"}],"author":[{"embeddable":true,"href":"https:\/\/vichsec.org\/fr\/wp-json\/wp\/v2\/users\/1"}],"replies":[{"embeddable":true,"href":"https:\/\/vichsec.org\/fr\/wp-json\/wp\/v2\/comments?post=2549"}],"version-history":[{"count":0,"href":"https:\/\/vichsec.org\/fr\/wp-json\/wp\/v2\/pages\/2549\/revisions"}],"up":[{"embeddable":true,"href":"https:\/\/vichsec.org\/fr\/wp-json\/wp\/v2\/pages\/2539"}],"wp:attachment":[{"href":"https:\/\/vichsec.org\/fr\/wp-json\/wp\/v2\/media?parent=2549"}],"curies":[{"name":"wp","href":"https:\/\/api.w.org\/{rel}","templated":true}]}}