{"id":3076,"date":"2024-07-22T08:32:49","date_gmt":"2024-07-22T08:32:49","guid":{"rendered":"https:\/\/vichsec.org\/activites\/"},"modified":"2024-10-29T09:25:13","modified_gmt":"2024-10-29T09:25:13","slug":"activites","status":"publish","type":"page","link":"https:\/\/vichsec.org\/fr\/activites\/","title":{"rendered":"Activit\u00e9s"},"content":{"rendered":"\n<div class=\"wp-block-group is-layout-constrained wp-block-group-is-layout-constrained\">\n<div class=\"wp-block-group container has-mint-transparent-background-color has-background is-layout-constrained wp-block-group-is-layout-constrained\">\n<p id=\"vich-page-menu\"><a href=\"#vich-steering-committee\">COMIT\u00c9 DIRECTEUR DU VICH<\/a> | <a href=\"#vich-outreach-forum\">VICH FORUM \u00c9LARGI<\/a> | <a href=\"#public-conference\">CONF\u00c9RENCE PUBLIQUE<\/a> | <a href=\"#public-consultations\">CONSULTATIONS PUBLIQUES<\/a> | <a href=\"#concept-papers\">DOCUMENTS DE R\u00c9FLEXION<\/a> | <a href=\"#draft-guidelines-for-public-consultations\">PROJET DE LIGNES DIRECTRICES POUR LES CONSULTATIONS PUBLIQUES<\/a> | <a href=\"#comments-received-during-public-consultation\">COMMENTAIRES RE\u00c7US LORS DE LA CONSULTATION PUBLIQUE<\/a><\/p>\n\n\n\n<h2 class=\"wp-block-heading\" id=\"vich-steering-committee\">Comit\u00e9 directeur du VICH<\/h2>\n\n\n\n<p>Prochaine r\u00e9union <br><strong>43e r\u00e9union du CS (et 7e conf\u00e9rence publique du VICH)<\/strong><br>10 &#8211; 15 novembre 2024 dans les bureaux de l&#8217;EMA (Amsterdam, Pays-Bas)<\/p>\n\n\n\n<p class=\"has-text-align-center has-large-font-size\"><a href=\"#vich-page-menu\"><i class=\"fas fa-circle-arrow-up\"><\/i><\/a><\/p>\n\n\n\n<h2 class=\"wp-block-heading\" id=\"vich-outreach-forum\">VICH Forum \u00e9largi<\/h2>\n\n\n\n<p>Prochaine r\u00e9union : <br><strong>17\u00e8me r\u00e9union du Forum VICH<\/strong><br>11 &amp; 12 novembre 2024 dans les bureaux de l&#8217;EMA (Amsterdam, Pays-Bas).<\/p>\n\n\n\n<p class=\"has-text-align-center has-large-font-size\"><a href=\"#vich-page-menu\"><i class=\"fas fa-circle-arrow-up\"><\/i><\/a><\/p>\n\n\n\n<h2 class=\"wp-block-heading\" id=\"public-conference\">Conf\u00e9rence publique<\/h2>\n\n\n\n<p><strong>7e CONF\u00c9RENCE PUBLIQUE DU VICH<\/strong><br>novembre 2024 dans les bureaux de l&#8217;EMA (Amsterdam, Pays-Bas)<br>L&#8217;INSCRIPTION EST FERM\u00c9E<\/p>\n\n\n\n<div class=\"wp-block-columns is-layout-flex wp-container-core-columns-is-layout-28f84493 wp-block-columns-is-layout-flex\">\n<div class=\"wp-block-column is-layout-flow wp-block-column-is-layout-flow\" style=\"flex-basis:33.33%\">\n<figure class=\"wp-block-image size-large\"><a href=\"\/wp-content\/uploads\/2024\/10\/VICH7-Conference-Programme-fin.pdf\" target=\"_blank\" rel=\"noreferrer noopener\"><img loading=\"lazy\" decoding=\"async\" width=\"1024\" height=\"1024\" src=\"https:\/\/vichsec.org\/wp-content\/uploads\/2024\/10\/VICH-7-social-visual-1024x1024.png\" alt=\"\" class=\"wp-image-2668\" srcset=\"https:\/\/vichsec.org\/wp-content\/uploads\/2024\/10\/VICH-7-social-visual-1024x1024.png 1024w, https:\/\/vichsec.org\/wp-content\/uploads\/2024\/10\/VICH-7-social-visual-300x300.png 300w, https:\/\/vichsec.org\/wp-content\/uploads\/2024\/10\/VICH-7-social-visual-150x150.png 150w, https:\/\/vichsec.org\/wp-content\/uploads\/2024\/10\/VICH-7-social-visual-768x768.png 768w, https:\/\/vichsec.org\/wp-content\/uploads\/2024\/10\/VICH-7-social-visual.png 1200w\" sizes=\"auto, (max-width: 1024px) 100vw, 1024px\" \/><\/a><figcaption class=\"wp-element-caption\">Programme r\u00e9vis\u00e9<\/figcaption><\/figure>\n<\/div>\n\n\n\n<div class=\"wp-block-column is-layout-flow wp-block-column-is-layout-flow\" style=\"flex-basis:66.66%\"><\/div>\n<\/div>\n\n\n\n<p class=\"has-text-align-center has-large-font-size\"><a href=\"#vich-page-menu\"><i class=\"fas fa-circle-arrow-up\"><\/i><\/a><\/p>\n\n\n\n<h2 class=\"wp-block-heading\" id=\"public-consultations\">Consultations publiques<\/h2>\n\n\n\n<h4 class=\"wp-block-heading\" id=\"concept-papers\">Documents de r\u00e9flexion<\/h4>\n\n\n\n<p>Aucun \u00e9l\u00e9ment trouv\u00e9<\/p>\n\n\n\n<p class=\"has-text-align-center has-large-font-size\"><a href=\"#vich-page-menu\"><i class=\"fas fa-circle-arrow-up\"><\/i><\/a><\/p>\n\n\n\n<h4 class=\"wp-block-heading\" id=\"draft-guidelines-for-public-consultations\">Projet de lignes directrices pour la consultation publique<\/h4>\n\n\n\n<ul class=\"wp-block-list\">\n<li><a href=\"\/wp-content\/uploads\/2024\/10\/GL7R-st4.pdf\" target=\"_blank\" rel=\"noreferrer noopener\">Efficacit\u00e9 des anthelminthiques : exigences g\u00e9n\u00e9rales (r\u00e9vision 1)<\/a><br>VICH GL 7(R1)\n<p>(Anthelminthiques en g\u00e9n\u00e9ral) &#8211; mai 2022 &#8211; Reprise \u00e0 l&#8217;\u00e9chelon 4 pour une p\u00e9riode de consultation de 6 mois jusqu&#8217;au 1er novembre 2022<\/p>\n<\/li>\n\n\n\n<li><a href=\"\/wp-content\/uploads\/2024\/10\/GL12R-st4.pdf\" target=\"_blank\" rel=\"noreferrer noopener\">Efficacit\u00e9 des anthelminthiques : recommandations sp\u00e9cifiques pour les bovins<\/a><br>VICH GL 12(R1)\n<p>(Anthelminthiques bovins) &#8211; mai 2022 &#8211; Relev\u00e9 \u00e0 l&#8217;\u00e9chelon 4 pour une p\u00e9riode de consultation de 6 mois jusqu&#8217;au 1er novembre 2022<\/p>\n<\/li>\n\n\n\n<li><a href=\"\/wp-content\/uploads\/2024\/10\/GL13R-st4.pdf\" target=\"_blank\" rel=\"noreferrer noopener\">Efficacit\u00e9 des anthelminthiques : recommandations sp\u00e9cifiques pour les ovins (r\u00e9vision 1)<\/a><br>VICH GL 13(R1)\n<p>(Anthelminthiques Ovins) &#8211; mai 2022 &#8211; Diffusion \u00e0 l&#8217;\u00e9chelon 4 pour une p\u00e9riode de consultation de 6 mois jusqu&#8217;au 1er novembre 2022<\/p>\n<\/li>\n\n\n\n<li><a href=\"\/wp-content\/uploads\/2024\/10\/GL14R-st4.pdf\" target=\"_blank\" rel=\"noreferrer noopener\">Efficacit\u00e9 des anthelminthiques : recommandations sp\u00e9cifiques pour les caprins<\/a><br>VICH GL 14(R1)\n<p>(Anthelminthiques Caprines) &#8211; mai 2022 &#8211; Relev\u00e9 \u00e0 l&#8217;\u00e9chelon 4 pour une p\u00e9riode de consultation de 6 mois jusqu&#8217;au 1er novembre 2022<\/p>\n<\/li>\n\n\n\n<li><a href=\"\/wp-content\/uploads\/2024\/10\/GL15R-st4.pdf\" target=\"_blank\" rel=\"noreferrer noopener\">Efficacit\u00e9 des anthelminthiques : recommandations sp\u00e9cifiques pour les \u00e9quid\u00e9s (r\u00e9vision 1)<\/a><br>VICH GL 15(R1)\n<p>(Anthelminthiques \u00e9quins) &#8211; mai 2022 &#8211; Relev\u00e9 \u00e0 l&#8217;\u00e9chelon 4 pour une p\u00e9riode de consultation de 6 mois jusqu&#8217;au 1er novembre 2022<\/p>\n<\/li>\n\n\n\n<li><a href=\"\/wp-content\/uploads\/2024\/10\/GL16R-st4.pdf\" target=\"_blank\" rel=\"noreferrer noopener\">Efficacit\u00e9 des anthelminthiques : recommandations sp\u00e9cifiques pour les porcins (r\u00e9vision 1)<\/a><br>VICH GL 16(R1)\n<p>(Anthelminthiques Porcins) &#8211; mai 2022 &#8211; Diffusion \u00e0 l&#8217;\u00e9tape 4 pour une p\u00e9riode de consultation de 6 mois jusqu&#8217;au 1er novembre 2022<\/p>\n<\/li>\n\n\n\n<li><a href=\"\/wp-content\/uploads\/2024\/10\/GL18R2-st4.pdf\" target=\"_blank\" rel=\"noreferrer noopener\">Impuret\u00e9s : Solvants r\u00e9siduels dans les nouveaux m\u00e9dicaments v\u00e9t\u00e9rinaires, substances actives et excipients (r\u00e9vision 2)<\/a><br>VICH GL 18(R2)\n<p>(Qualit\u00e9 &#8211; Impuret\u00e9s : Solvants r\u00e9siduels) &#8211; D\u00e9cembre 2021 &#8211; Diffus\u00e9 \u00e0 l&#8217;\u00e9tape 4 pour une p\u00e9riode de consultation de 6 mois jusqu&#8217;au 10 juin 2022<\/p>\n<\/li>\n\n\n\n<li><a href=\"\/wp-content\/uploads\/2024\/10\/GL19R-st4.pdf\" target=\"_blank\" rel=\"noreferrer noopener\">Efficacit\u00e9 des anthelminthiques : recommandations sp\u00e9cifiques pour les chiens (r\u00e9vision 1) <\/a><br>VICH GL 19(R1)\n<p>(Anthelminthiques canins) &#8211; mai 2022 &#8211; Diffusion \u00e0 l&#8217;\u00e9chelon 4 pour une p\u00e9riode de consultation de 6 mois jusqu&#8217;au 1er novembre 2022<\/p>\n<\/li>\n\n\n\n<li><a href=\"\/wp-content\/uploads\/2024\/10\/GL20R-st4.pdf\" target=\"_blank\" rel=\"noreferrer noopener\">Efficacit\u00e9 des anthelminthiques : recommandations sp\u00e9cifiques pour les f\u00e9lins (r\u00e9vision 1)<\/a><br>VICH GL 20(R1)\n<p>(Anthelminthiques f\u00e9lins) &#8211; mai 2022 &#8211; Diffusion \u00e0 l&#8217;\u00e9chelon 4 pour une p\u00e9riode de consultation de 6 mois jusqu&#8217;au 1er novembre 2022<\/p>\n<\/li>\n\n\n\n<li> <a href=\"\/wp-content\/uploads\/2024\/10\/GL21R-st4.pdf\" target=\"_blank\" rel=\"noreferrer noopener\"> Efficacit\u00e9 des anthelminthiques : recommandations sp\u00e9cifiques pour la volaille (r\u00e9vision 1)<\/a><br>VICH GL 21(R1)\n<p>(Anthelminthiques pour la volaille) &#8211; mai 2022 &#8211; Diffusion \u00e0 l&#8217;\u00e9tape 4 pour une p\u00e9riode de consultation de 6 mois jusqu&#8217;au 1er novembre 2022<\/p>\n<\/li>\n\n\n\n<li><a href=\"\/wp-content\/uploads\/2024\/10\/GL60-st4.pdf\" target=\"_blank\" rel=\"noreferrer noopener\">BPF pour les IPA : Bonnes pratiques de fabrication pour les ingr\u00e9dients pharmaceutiques actifs utilis\u00e9s dans les m\u00e9dicaments v\u00e9t\u00e9rinaires<\/a><br>VICH GL 60\n<p>(Qualit\u00e9) &#8211; Septembre 2023 &#8211; Diffusion \u00e0 l&#8217;\u00e9tape 4 pour une p\u00e9riode de consultation de 6 mois jusqu&#8217;en mars 2024<\/p>\n<\/li>\n\n\n\n<li><a href=\"\/wp-content\/uploads\/2024\/10\/GL22-R-st4.pdf\" target=\"_blank\" rel=\"noreferrer noopener\">Reproduction : \u00c9tudes visant \u00e0 \u00e9valuer la s\u00e9curit\u00e9 des r\u00e9sidus de m\u00e9dicaments v\u00e9t\u00e9rinaires dans l&#8217;alimentation humaine : \u00e9tudes de reproduction<\/a><br>VICH GL 22(R)\n<p>(S\u00e9curit\u00e9) &#8211; janvier 2024 &#8211; Reprise \u00e0 l&#8217;\u00e9tape 4 pour une p\u00e9riode de consultation de 6 mois jusqu&#8217;au 31 juillet 2024<\/p>\n<\/li>\n\n\n\n<li><a href=\"\/wp-content\/uploads\/2024\/10\/GL61-st4.pdf\">D\u00e9veloppement pharmaceutique : D\u00e9veloppement pharmaceutique pour les m\u00e9dicaments v\u00e9t\u00e9rinaires<\/a><br>VICH GL 61\n<p>Qualit\u00e9 &#8211; f\u00e9vrier 2024 &#8211; Diffusion \u00e0 l&#8217;\u00e9tape 4 pour une p\u00e9riode de consultation de 6 mois jusqu&#8217;au 15 ao\u00fbt 2024<\/p>\n<\/li>\n\n\n\n<li><a href=\"\/wp-content\/uploads\/2024\/10\/GL23R2-st4.pdf\" target=\"_blank\" rel=\"noreferrer noopener\">\u00c9tudes visant \u00e0 \u00e9valuer la s\u00e9curit\u00e9 des r\u00e9sidus de m\u00e9dicaments v\u00e9t\u00e9rinaires dans l&#8217;alimentation humaine : tests de g\u00e9notoxicit\u00e9<\/a><br>VICH GL 23(R2)\n<p>(S\u00e9curit\u00e9) &#8211; mai 2024 &#8211; Reprise \u00e0 l&#8217;\u00e9tape 4 pour une p\u00e9riode de consultation de 6 mois jusqu&#8217;au 30 novembre 2024<\/p>\n<\/li>\n<\/ul>\n\n\n\n<p class=\"has-text-align-center has-large-font-size\"><a href=\"#vich-page-menu\"><i class=\"fas fa-circle-arrow-up\"><\/i><\/a><\/p>\n\n\n\n<h4 class=\"wp-block-heading\" id=\"comments-received-during-public-consultation\">Commentaires re\u00e7us lors de la consultation publique<\/h4>\n\n\n\n<ul class=\"wp-block-list\">\n<li><a href=\"\/wp-content\/uploads\/2024\/10\/GL18R2-st4-comments.pdf\">VICH GL18(R2) &#8211; Commentaires \u00e0 l&#8217;\u00e9tape 4<\/a><br> (Qualit\u00e9 &#8211; Impuret\u00e9s)<\/li>\n\n\n\n<li><a href=\"\/wp-content\/uploads\/2024\/10\/GL59-st4-comments.pdf\">VICH GL59 &#8211; Commentaires \u00e0 l&#8217;\u00e9tape 4<\/a><br> (Produits biologiques &#8211; LABST Vaccins v\u00e9t\u00e9rinaires)<\/li>\n\n\n\n<li><a href=\"\/wp-content\/uploads\/2024\/10\/GL56-st4-comments.pdf\">VICH GL56 &#8211; Commentaires \u00e0 l&#8217;\u00e9tape 4<\/a><br> (MRK &#8211; Miel)<\/li>\n\n\n\n<li><a href=\"\/wp-content\/uploads\/2024\/10\/VICH%20GL%2054%20-%20Comments%20at%20Step%204%20002.pdf\">VICH GL54 &#8211; Commentaires \u00e0 l&#8217;\u00e9tape 4<\/a><br> (S\u00e9curit\u00e9)<\/li>\n\n\n\n<li><a href=\"\/wp-content\/uploads\/2024\/10\/GL53-st4-comments.pdf\">VICH GL53 &#8211; Commentaires \u00e0 l&#8217;\u00e9tape 4<\/a><br> (EFF)<\/li>\n\n\n\n<li><a href=\"\/wp-content\/uploads\/2024\/10\/GL52-st4-comments.pdf\">VICH GL52 &#8211; Commentaires \u00e0 l&#8217;\u00e9tape 4<\/a><br> (Bio\u00e9quivalence)<\/li>\n\n\n\n<li><a href=\"\/wp-content\/uploads\/2024\/10\/GL51-st4-comments.pdf\">VICH GL51 &#8211; Commentaires \u00e0 l&#8217;\u00e9tape 4<\/a><br> (Produits pharmaceutiques &#8211; Qualit\u00e9 : Donn\u00e9es de stabilit\u00e9)<\/li>\n\n\n\n<li><a href=\"\/wp-content\/uploads\/2024\/10\/GL50-st4-comments.pdf\">VICH GL50 &#8211; Commentaires \u00e0 l&#8217;\u00e9tape 4<\/a><br> (Produits biologiques : TABST)<\/li>\n<\/ul>\n\n\n\n<p class=\"has-text-align-center has-large-font-size\"><a href=\"#vich-page-menu\"><i class=\"fas fa-circle-arrow-up\"><\/i><\/a><\/p>\n<\/div>\n<\/div>\n","protected":false},"excerpt":{"rendered":"<p>COMIT\u00c9 DIRECTEUR DU VICH | VICH FORUM \u00c9LARGI | CONF\u00c9RENCE PUBLIQUE | CONSULTATIONS PUBLIQUES | DOCUMENTS DE R\u00c9FLEXION | PROJET DE LIGNES DIRECTRICES POUR LES CONSULTATIONS PUBLIQUES | COMMENTAIRES RE\u00c7US LORS DE LA CONSULTATION PUBLIQUE Comit\u00e9 directeur du VICH Prochaine r\u00e9union 43e r\u00e9union du CS (et 7e conf\u00e9rence publique du VICH)10 &#8211; 15 novembre 2024 [&hellip;]<\/p>\n","protected":false},"author":1,"featured_media":0,"parent":0,"menu_order":4,"comment_status":"closed","ping_status":"closed","template":"","meta":{"footnotes":""},"class_list":["post-3076","page","type-page","status-publish","hentry"],"_links":{"self":[{"href":"https:\/\/vichsec.org\/fr\/wp-json\/wp\/v2\/pages\/3076","targetHints":{"allow":["GET"]}}],"collection":[{"href":"https:\/\/vichsec.org\/fr\/wp-json\/wp\/v2\/pages"}],"about":[{"href":"https:\/\/vichsec.org\/fr\/wp-json\/wp\/v2\/types\/page"}],"author":[{"embeddable":true,"href":"https:\/\/vichsec.org\/fr\/wp-json\/wp\/v2\/users\/1"}],"replies":[{"embeddable":true,"href":"https:\/\/vichsec.org\/fr\/wp-json\/wp\/v2\/comments?post=3076"}],"version-history":[{"count":3,"href":"https:\/\/vichsec.org\/fr\/wp-json\/wp\/v2\/pages\/3076\/revisions"}],"predecessor-version":[{"id":3079,"href":"https:\/\/vichsec.org\/fr\/wp-json\/wp\/v2\/pages\/3076\/revisions\/3079"}],"wp:attachment":[{"href":"https:\/\/vichsec.org\/fr\/wp-json\/wp\/v2\/media?parent=3076"}],"curies":[{"name":"wp","href":"https:\/\/api.w.org\/{rel}","templated":true}]}}