{"id":3173,"date":"2024-10-03T12:17:40","date_gmt":"2024-10-03T12:17:40","guid":{"rendered":"https:\/\/vichsec.org\/?page_id=3173"},"modified":"2024-10-30T11:59:29","modified_gmt":"2024-10-30T11:59:29","slug":"contact","status":"publish","type":"page","link":"https:\/\/vichsec.org\/fr\/contact\/","title":{"rendered":"Contact"},"content":{"rendered":"\n<div class=\"wp-block-group is-layout-constrained wp-block-group-is-layout-constrained\">\n<div class=\"wp-block-group container has-mint-transparent-background-color has-background is-layout-constrained wp-block-group-is-layout-constrained\">\n<h2 class=\"wp-block-heading\">Pour plus d\u2019informations sur le VICH, veuillez contacter<\/h2>\n\n\n\n<p><strong>SECR\u00c9TARIAT DU VICH<\/strong><\/p>\n\n\n\n<p>Herv\u00e9 Marion, docteur Docteur en m\u00e9decine M\u00e9decine V\u00e9t\u00e9rinaire<br><br>Addresse:<br>c\/o HealthforAnimals<br>Rue d&#8217;Idalie, 9-13 (4th floor) &#8211; 1050 Bruxelles (Belgique)<\/p>\n\n\n\n<p>E-mail&nbsp;<a href=\"mailto:sec@vichsec.org\">sec@vichsec.org<\/a><\/p>\n\n\n\n<p>Website&nbsp;<a href=\"http:\/\/www.vichsec.org\/\">www.vichsec.org<\/a><\/p>\n\n\n\n<h4 class=\"wp-block-heading\"><strong>COORDINATEURS DU VICH\u00a0:\u00a0<\/strong><\/h4>\n\n\n\n<p><strong>Aux Etats-Unis<\/strong><br>AHI:\u00a0 Rachel CUMBERBATCH<br>FDA\/USDA:\u00a0 Brandi ROBINSON<br><\/p>\n\n\n\n<p class=\"mb-0\"><strong>En Europe<\/strong><br>AnimalHealth Europe:\u00a0 Rick CLAYTON<br>EU:\u00a0 Nicholas JARRETT<br><\/p>\n\n\n\n<p><strong>Au Japon<\/strong><br>JVPA:\u00a0 Koji OISHI<br>JMAFF:\u00a0 Junichi OHMORI<\/p>\n<\/div>\n<\/div>\n","protected":false},"excerpt":{"rendered":"<p>Pour plus d\u2019informations sur le VICH, veuillez contacter SECR\u00c9TARIAT DU VICH Herv\u00e9 Marion, docteur Docteur en m\u00e9decine M\u00e9decine V\u00e9t\u00e9rinaire Addresse:c\/o HealthforAnimalsRue d&#8217;Idalie, 9-13 (4th floor) &#8211; 1050 Bruxelles (Belgique) E-mail&nbsp;sec@vichsec.org Website&nbsp;www.vichsec.org COORDINATEURS DU VICH\u00a0:\u00a0 Aux Etats-UnisAHI:\u00a0 Rachel CUMBERBATCHFDA\/USDA:\u00a0 Brandi ROBINSON En EuropeAnimalHealth Europe:\u00a0 Rick CLAYTONEU:\u00a0 Nicholas JARRETT Au JaponJVPA:\u00a0 Koji OISHIJMAFF:\u00a0 Junichi OHMORI<\/p>\n","protected":false},"author":1,"featured_media":0,"parent":0,"menu_order":9,"comment_status":"closed","ping_status":"closed","template":"","meta":{"footnotes":""},"class_list":["post-3173","page","type-page","status-publish","hentry"],"_links":{"self":[{"href":"https:\/\/vichsec.org\/fr\/wp-json\/wp\/v2\/pages\/3173","targetHints":{"allow":["GET"]}}],"collection":[{"href":"https:\/\/vichsec.org\/fr\/wp-json\/wp\/v2\/pages"}],"about":[{"href":"https:\/\/vichsec.org\/fr\/wp-json\/wp\/v2\/types\/page"}],"author":[{"embeddable":true,"href":"https:\/\/vichsec.org\/fr\/wp-json\/wp\/v2\/users\/1"}],"replies":[{"embeddable":true,"href":"https:\/\/vichsec.org\/fr\/wp-json\/wp\/v2\/comments?post=3173"}],"version-history":[{"count":1,"href":"https:\/\/vichsec.org\/fr\/wp-json\/wp\/v2\/pages\/3173\/revisions"}],"predecessor-version":[{"id":3174,"href":"https:\/\/vichsec.org\/fr\/wp-json\/wp\/v2\/pages\/3173\/revisions\/3174"}],"wp:attachment":[{"href":"https:\/\/vichsec.org\/fr\/wp-json\/wp\/v2\/media?parent=3173"}],"curies":[{"name":"wp","href":"https:\/\/api.w.org\/{rel}","templated":true}]}}